{"id":2226,"date":"2025-11-25T08:59:37","date_gmt":"2025-11-25T08:59:37","guid":{"rendered":"https:\/\/tivanox.com\/?post_type=product&#038;p=2226"},"modified":"2025-11-25T08:59:39","modified_gmt":"2025-11-25T08:59:39","slug":"yeti-rambler-25-oz-tumbler-with-handle-and-straw-lid-travel-mug-water-tumbler-vacuum-insulated-cup-with-handle-stainless-steel-cherry-blossom-textured","status":"publish","type":"product","link":"https:\/\/tivanox.com\/index.php\/product\/yeti-rambler-25-oz-tumbler-with-handle-and-straw-lid-travel-mug-water-tumbler-vacuum-insulated-cup-with-handle-stainless-steel-cherry-blossom-textured\/","title":{"rendered":"YETI Rambler 25 oz Tumbler with Handle and Straw Lid, Travel Mug Water Tumbler, Vacuum Insulated Cup with Handle, Stainless Steel, Cherry Blossom &#8211; Textured"},"content":{"rendered":"<p><img decoding=\"async\" class=\"\" src=\"https:\/\/m.media-amazon.com\/images\/S\/aplus-media-library-service-media\/60ee391f-992d-44d3-988a-cfef32948e1e.__CR0,0,1464,600_PT0_SX1464_V1___.jpg\" alt=\"A\u015f\u0131r\u0131 m\u00fchendislik\" data-src=\"https:\/\/m.media-amazon.com\/images\/S\/aplus-media-library-service-media\/60ee391f-992d-44d3-988a-cfef32948e1e.__CR0,0,1464,600_PT0_SX1464_V1___.jpg\" \/><\/p>\n<div class=\"a-carousel-col a-carousel-center\">\n<div id=\"anonCarousel3\" class=\"a-carousel-viewport\" role=\"group\" aria-roledescription=\"slide\">\n<div class=\"a-section a-spacing-none aplus-card-details-wrapper aplus-container-2\">\n<div class=\"a-section a-spacing-none aplus-card-detail\">\n<div class=\"a-section a-spacing-none aplus-table-cell\">\n<div class=\"a-section a-spacing-none aplus-text-background aplus-text-background-color\">\n<div class=\"a-section a-spacing-none card-description\">\n<h4 class=\"aplus-h1 a-text-bold\">TUMBLERS<\/h4>\n<p class=\"description aplus-p1\">Keep your coffee hot for hours, smoothies nice and chilled, or iced tea&#8230;iced.<\/p>\n<\/div>\n<\/div>\n<\/div>\n<\/div>\n<\/div>\n<div class=\"a-section a-spacing-none aplus-card-image\"><img decoding=\"async\" src=\"https:\/\/m.media-amazon.com\/images\/S\/aplus-media-library-service-media\/a4c6a816-f8d5-4811-bde6-ba46bf12260b.__CR0,0,1464,600_PT0_SX1464_V1___.jpg\" alt=\"YETI Tumblers\" \/><\/div>\n<\/div>\n<\/div>\n<div>\n<div class=\"a-carousel-col a-carousel-center\">\n<div id=\"anonCarousel3\" class=\"a-carousel-viewport\" role=\"group\" aria-roledescription=\"slide\">\n<div class=\"a-section a-spacing-none aplus-card-image\">\n<h4 class=\"aplus-h1 a-text-bold\">STRAW TUMBLERS &amp; MUGS<\/h4>\n<p class=\"description aplus-p1\">Ditch the single-use iced coffee or smoothie cup with YETI&#8217;s cold-holding straw drinkware.<\/p>\n<\/div>\n<div class=\"a-section a-spacing-none aplus-card-image\"><img decoding=\"async\" src=\"https:\/\/m.media-amazon.com\/images\/S\/aplus-media-library-service-media\/5e672edb-53d6-433b-b94a-e3be94a46a39.__CR0,0,1464,600_PT0_SX1464_V1___.jpg\" alt=\"Straw Drinkware\" \/><\/div>\n<\/div>\n<\/div>\n<\/div>\n<div>\n<h4 class=\"aplus-h1 a-text-bold\">WATER BOTTLES &amp; JUGS<\/h4>\n<p class=\"description aplus-p1\">YETI Bottles and Jugs are a necessary addition to morning hikes, kayak trips, and daily commutes.<\/p>\n<\/div>\n<div>\n<div class=\"a-carousel-col a-carousel-center\">\n<div id=\"anonCarousel3\" class=\"a-carousel-viewport\" role=\"group\" aria-roledescription=\"slide\">\n<div class=\"a-section a-spacing-none aplus-card-image\"><img decoding=\"async\" src=\"https:\/\/m.media-amazon.com\/images\/S\/aplus-media-library-service-media\/1852e539-c25f-4de2-a5eb-c3167a9c9314.__CR0,0,1464,600_PT0_SX1464_V1___.jpg\" alt=\"Water Bottles\" \/><\/div>\n<\/div>\n<\/div>\n<\/div>\n<div>\n<h4 class=\"aplus-h1 a-text-bold\">COFFEE &amp; MUGS<\/h4>\n<p class=\"description aplus-p1\">Built for the wilds of camp, YETI&#8217;s capped mugs keep your morning joe or oatmeal piping hot.<\/p>\n<\/div>\n<div class=\"a-carousel-col a-carousel-center\">\n<div id=\"anonCarousel3\" class=\"a-carousel-viewport\" role=\"group\" aria-roledescription=\"slide\">\n<div class=\"a-section a-spacing-none aplus-card-image\"><img decoding=\"async\" src=\"https:\/\/m.media-amazon.com\/images\/S\/aplus-media-library-service-media\/e848e5f4-25b4-46f9-bb40-5e61ee4d47b9.__CR0,0,1464,600_PT0_SX1464_V1___.jpg\" alt=\"Coffee &amp;amp; Mugs\" \/><\/div>\n<div>\n<h4 class=\"aplus-h1 a-text-bold\">BARWARE<\/h4>\n<p class=\"description aplus-p1\">When it comes to having a good time, cold drinks are non-negotiable.<\/p>\n<\/div>\n<div class=\"a-section a-spacing-none aplus-card-image\"><img decoding=\"async\" src=\"https:\/\/m.media-amazon.com\/images\/S\/aplus-media-library-service-media\/2758c2ab-dd13-42db-ab84-2060b86a92ec.__CR0,0,1464,600_PT0_SX1464_V1___.jpg\" alt=\"Barware\" \/><\/div>\n<\/div>\n<div><img decoding=\"async\" class=\"\" src=\"https:\/\/m.media-amazon.com\/images\/S\/aplus-media-library-service-media\/e1e57a6e-ee91-49a6-a27a-349e499da426.__CR0,0,1464,600_PT0_SX1464_V1___.jpg\" alt=\"YETI Rambler Drinkware\" data-src=\"https:\/\/m.media-amazon.com\/images\/S\/aplus-media-library-service-media\/e1e57a6e-ee91-49a6-a27a-349e499da426.__CR0,0,1464,600_PT0_SX1464_V1___.jpg\" \/><\/div>\n<\/div>\n","protected":false},"excerpt":{"rendered":"<h1 class=\"a-size-base-plus a-text-bold\">About this item<\/h1>\n<ul class=\"a-unordered-list a-vertical a-spacing-mini\">\n<li class=\"a-spacing-mini\"><span class=\"a-list-item\">Grip it and sip it with this supremely insulated mug. With an elevated handle and cup holder-compatible design, it\u2019s built for off-road trips, golf cart cruises, and iced caffeine kicks<\/span><\/li>\n<li class=\"a-spacing-mini\"><span class=\"a-list-item\">18\/8 STAINLESS STEEL &#8211; Resists dents and drops and the Double-Wall Vacuum Insulation keeps drinks cold to the last drop<\/span><\/li>\n<li class=\"a-spacing-mini\"><span class=\"a-list-item\">NO SWEAT DESIGN &#8211; prevents condensation, keeping hands dry<\/span><\/li>\n<li class=\"a-spacing-mini\"><span class=\"a-list-item\">DISHWASHER SAFE &#8211; Because no one needs more work to do<\/span><\/li>\n<li class=\"a-spacing-mini\"><span class=\"a-list-item\">STRAW LIDS &#8211; are built to last and have a molded-in stopper that holds your straw safely in place. And just like all YETI Rambler Lids, it\u2019s shatter-resistant, dishwasher-safe, and BPA free. Do not use the Rambler Tumbler Straw Lid with hot beverages<\/span><\/li>\n<\/ul>\n","protected":false},"featured_media":2229,"comment_status":"open","ping_status":"closed","template":"","meta":[],"product_brand":[105],"product_cat":[103,37,57,102,104],"product_tag":[],"class_list":{"0":"post-2226","1":"product","2":"type-product","3":"status-publish","4":"has-post-thumbnail","6":"product_brand-yeti","7":"product_cat-insulated-beverage-containers","8":"product_cat-kitchen-dining","9":"product_cat-storage-organization","10":"product_cat-thermoses","11":"product_cat-tumblers","13":"first","14":"instock","15":"sale","16":"shipping-taxable","17":"purchasable","18":"product-type-simple"},"_links":{"self":[{"href":"https:\/\/tivanox.com\/index.php\/wp-json\/wp\/v2\/product\/2226","targetHints":{"allow":["GET"]}}],"collection":[{"href":"https:\/\/tivanox.com\/index.php\/wp-json\/wp\/v2\/product"}],"about":[{"href":"https:\/\/tivanox.com\/index.php\/wp-json\/wp\/v2\/types\/product"}],"replies":[{"embeddable":true,"href":"https:\/\/tivanox.com\/index.php\/wp-json\/wp\/v2\/comments?post=2226"}],"wp:featuredmedia":[{"embeddable":true,"href":"https:\/\/tivanox.com\/index.php\/wp-json\/wp\/v2\/media\/2229"}],"wp:attachment":[{"href":"https:\/\/tivanox.com\/index.php\/wp-json\/wp\/v2\/media?parent=2226"}],"wp:term":[{"taxonomy":"product_brand","embeddable":true,"href":"https:\/\/tivanox.com\/index.php\/wp-json\/wp\/v2\/product_brand?post=2226"},{"taxonomy":"product_cat","embeddable":true,"href":"https:\/\/tivanox.com\/index.php\/wp-json\/wp\/v2\/product_cat?post=2226"},{"taxonomy":"product_tag","embeddable":true,"href":"https:\/\/tivanox.com\/index.php\/wp-json\/wp\/v2\/product_tag?post=2226"}],"curies":[{"name":"wp","href":"https:\/\/api.w.org\/{rel}","templated":true}]}}