{"id":2158,"date":"2025-11-24T14:14:56","date_gmt":"2025-11-24T14:14:56","guid":{"rendered":"https:\/\/tivanox.com\/?post_type=product&#038;p=2158"},"modified":"2025-11-24T14:17:37","modified_gmt":"2025-11-24T14:17:37","slug":"cuisinart-msc-400-3-in-1-cook-central-4-quart-multi-cooker-slow-cooker-brown-saute-steamer-silver","status":"publish","type":"product","link":"https:\/\/tivanox.com\/index.php\/product\/cuisinart-msc-400-3-in-1-cook-central-4-quart-multi-cooker-slow-cooker-brown-saute-steamer-silver\/","title":{"rendered":"Cuisinart MSC-400 3-In-1 Cook Central 4-Quart Multi-Cooker: Slow Cooker, Brown\/Saute, Steamer, Silver"},"content":{"rendered":"<h4>The Cuisinart Cook Central 3-in-1 Multicooker<\/h4>\n<p>The MSC-400 Cuisinart Multicooker<\/p>\n<p>Create one-pot meals your family will love with the Cuisinart Cook Central 3-in-1 Multicooker. Three fully programmable cooking functions let you saut\u00e9 vegetables, brown meats and slow cook your favorite comfort foods right in the unit. Skip the stovetop with combination cooking &#8212; brown your ingredients in the unit and then simply switch to the slow cook function. Use the Cook Central to prep any aspect of your favorite dish. Select the steam function to prepare stuffed artichokes to start a gourmet meal or to create a healthful vegetable medley side dish. The Cook Central can even do dessert. With numerous recipes to choose from in the included booklet, the opportunities are endless!<\/p>\n<p>The Cook Central features Cuisinart\u2019s brushed stainless steel housing and a 4-quart nonstick cooking pot that lets you brown or saut\u00e9 directly in the unit. Once your meal is ready, the unit will automatically shift to Keep Warm mode so your meal is ready when you are. Serving your dish is easy &#8212; just lift the pot out and take it to the table. Clean-up is a breeze with the Cook Central as the pot, steaming rack and glass lid are dishwasher-safe.<\/p>\n<h4>Multi-Functional<\/h4>\n<p>The first step to creating your meal with the Cook Central is selecting the cooking function.<\/p>\n<h5>Slow Cook<\/h5>\n<p>Slow cooking is perfect for foods that require long, slow simmering, such as soups, stocks, stews, and dried beans. This function is also ideal when cooking tougher and less expensive cuts of meat like shoulder and pot roast. The Slow Cook function has three temperature settings &#8212; High, Low, and Simmer. For recipes that need to cook longer, use the Simmer and Low settings. When starting a dish later in the day, select the High setting. A 24-hour timer and automatic Keep Warm mode ensure your food is ready to eat when you are.<\/p>\n<p>Brown or saut\u00e9 with temperatures up to 400 degrees F. Use the extra-large steaming rack to steam vegetables. Slow cook on your schedule with programmable settings.<\/p>\n<h5>Steam<\/h5>\n<p>Steaming is one of the healthiest methods of cooking. No butter or oil is required and fewer nutrients are lost in the steaming process. To steam anything from asparagus to shrimp, insert the included steaming rack and no more than 1 quart of water or other liquid in the cooking pot and cover with the lid. Once steaming is complete, carefully remove food from the pot with a spoon, fork or tongs and enjoy.<\/p>\n<h5>Brown\/Saut\u00e9<\/h5>\n<p>Use the Brown\/Saut\u00e9 function as you would a skillet or saut\u00e9 pan on the stovetop for a variety of recipes. Prepare a quickly saut\u00e9ed skillet dish or brown food right in the pot as the first step of your family&#8217;s favorite slow cooker recipe. You can use this function to reheat foods as well. Just use Brown\/Saut\u00e9 at 350 degrees F and stir until all ingredients are warmed through.<\/p>\n<p>Once you have chosen the cooking function that best fits your recipe, simply set the desired time and temperature, and then press Start.<\/p>\n<h4>Features and Benefits<\/h4>\n<p><span class=\"a-text-bold\">Glass Lid with Handle<\/span><\/p>\n<p>Check the progress of a dish without releasing heat.<\/p>\n<p><span class=\"a-text-bold\">Steaming Rack<\/span><\/p>\n<p>Place in the up position to elevate ingredients for steaming.<\/p>\n<p><span class=\"a-text-bold\">Nonstick Aluminum 4-Quart Cooking Pot<\/span><\/p>\n<p>Spreads heat evenly to perfectly brown and saute ingredients right in the unit.<\/p>\n<p><span class=\"a-text-bold\">BPA Free<\/span><\/p>\n<p>All parts that come in contact with food are BPA free.<\/p>\n<p>Easy to use control panel<\/p>\n<h4>Programmable Control Panel<\/h4>\n<p><span class=\"a-text-bold\">Cooking Function Buttons<\/span><\/p>\n<p>Use to select Slow Cook, Brown\/Saut\u00e9 or Steam.<\/p>\n<p><span class=\"a-text-bold\">Time Directionals<\/span><\/p>\n<p>Use to set your desired cooking time, be it minutes or hours.<\/p>\n<p><span class=\"a-text-bold\">Temperature Directionals<\/span><\/p>\n<p>Use to set cooking temperatures up to 400 degrees F.<\/p>\n<p><span class=\"a-text-bold\">Start\/Stop Button<\/span><\/p>\n<p>Use to start and stop cooking function.<\/p>\n<p><span class=\"a-text-bold\">Blue Backlit LCD Display<\/span><\/p>\n<p>Side-by-side display shows cooking time and temperature.<\/p>\n","protected":false},"excerpt":{"rendered":"<h1 class=\"a-size-base-plus a-text-bold\">About this item<\/h1>\n<ul class=\"a-unordered-list a-vertical a-spacing-mini\">\n<li class=\"a-spacing-mini\"><span class=\"a-list-item\">Extra-large blue backlit LCD display with easy-to-read time and temperature settings<\/span><\/li>\n<li class=\"a-spacing-mini\"><span class=\"a-list-item\">Glass lid with cool-touch handle for clear view and comfortable handling<\/span><\/li>\n<li class=\"a-spacing-mini\"><span class=\"a-list-item\">Steaming rack included<\/span><\/li>\n<li class=\"a-spacing-mini\"><span class=\"a-list-item\">Instruction Book<\/span><\/li>\n<li class=\"a-spacing-mini\"><span class=\"a-list-item\">Limited 3-year Warranty<\/span><\/li>\n<\/ul>\n","protected":false},"featured_media":2160,"comment_status":"open","ping_status":"closed","template":"","meta":[],"product_brand":[67],"product_cat":[101,37,56],"product_tag":[],"class_list":{"0":"post-2158","1":"product","2":"type-product","3":"status-publish","4":"has-post-thumbnail","6":"product_brand-cuisinart","7":"product_cat-electric-pressure-cookers","8":"product_cat-kitchen-dining","9":"product_cat-small-appliances","11":"first","12":"instock","13":"sale","14":"shipping-taxable","15":"purchasable","16":"product-type-simple"},"_links":{"self":[{"href":"https:\/\/tivanox.com\/index.php\/wp-json\/wp\/v2\/product\/2158","targetHints":{"allow":["GET"]}}],"collection":[{"href":"https:\/\/tivanox.com\/index.php\/wp-json\/wp\/v2\/product"}],"about":[{"href":"https:\/\/tivanox.com\/index.php\/wp-json\/wp\/v2\/types\/product"}],"replies":[{"embeddable":true,"href":"https:\/\/tivanox.com\/index.php\/wp-json\/wp\/v2\/comments?post=2158"}],"wp:featuredmedia":[{"embeddable":true,"href":"https:\/\/tivanox.com\/index.php\/wp-json\/wp\/v2\/media\/2160"}],"wp:attachment":[{"href":"https:\/\/tivanox.com\/index.php\/wp-json\/wp\/v2\/media?parent=2158"}],"wp:term":[{"taxonomy":"product_brand","embeddable":true,"href":"https:\/\/tivanox.com\/index.php\/wp-json\/wp\/v2\/product_brand?post=2158"},{"taxonomy":"product_cat","embeddable":true,"href":"https:\/\/tivanox.com\/index.php\/wp-json\/wp\/v2\/product_cat?post=2158"},{"taxonomy":"product_tag","embeddable":true,"href":"https:\/\/tivanox.com\/index.php\/wp-json\/wp\/v2\/product_tag?post=2158"}],"curies":[{"name":"wp","href":"https:\/\/api.w.org\/{rel}","templated":true}]}}